{"id":7,"date":"2025-11-30T09:40:56","date_gmt":"2025-11-30T08:40:56","guid":{"rendered":"https:\/\/cnjamoulle.eu\/?page_id=7"},"modified":"2025-12-29T13:33:20","modified_gmt":"2025-12-29T12:33:20","slug":"accueil","status":"publish","type":"page","link":"https:\/\/cnjamoulle.eu\/","title":{"rendered":"Accueil"},"content":{"rendered":"\t\t<div data-elementor-type=\"wp-page\" data-elementor-id=\"7\" class=\"elementor elementor-7\" data-elementor-post-type=\"page\">\n\t\t\t\t<div class=\"elementor-element elementor-element-2fa7550 e-con-full e-flex e-con e-parent\" data-id=\"2fa7550\" data-element_type=\"container\" data-e-type=\"container\" data-settings=\"{&quot;background_background&quot;:&quot;classic&quot;}\">\n\t\t<div class=\"elementor-element elementor-element-ad7bba9 e-con-full e-flex e-con e-child\" data-id=\"ad7bba9\" data-element_type=\"container\" data-e-type=\"container\" data-settings=\"{&quot;background_background&quot;:&quot;classic&quot;}\">\n\t\t\t\t<div class=\"elementor-element elementor-element-bb6cca4 elementor-arrows-position-inside elementor-widget elementor-widget-image-carousel\" data-id=\"bb6cca4\" data-element_type=\"widget\" data-e-type=\"widget\" data-settings=\"{&quot;slides_to_show&quot;:&quot;1&quot;,&quot;navigation&quot;:&quot;arrows&quot;,&quot;autoplay&quot;:&quot;yes&quot;,&quot;pause_on_hover&quot;:&quot;yes&quot;,&quot;pause_on_interaction&quot;:&quot;yes&quot;,&quot;autoplay_speed&quot;:5000,&quot;infinite&quot;:&quot;yes&quot;,&quot;effect&quot;:&quot;slide&quot;,&quot;speed&quot;:500}\" data-widget_type=\"image-carousel.default\">\n\t\t\t\t\t\t\t<div class=\"elementor-image-carousel-wrapper swiper\" role=\"region\" aria-roledescription=\"carousel\" aria-label=\"Carrousel d\u2019images\" dir=\"ltr\">\n\t\t\t<div class=\"elementor-image-carousel swiper-wrapper swiper-image-stretch\" aria-live=\"off\">\n\t\t\t\t\t\t\t\t<div class=\"swiper-slide\" role=\"group\" aria-roledescription=\"slide\" aria-label=\"1 of 9\"><figure class=\"swiper-slide-inner\"><img decoding=\"async\" class=\"swiper-slide-image\" src=\"https:\/\/cnjamoulle.eu\/wp-content\/uploads\/2025\/12\/alexis_photos__2_.jpg\" alt=\"alexis_photos__2_\" \/><\/figure><\/div><div class=\"swiper-slide\" role=\"group\" aria-roledescription=\"slide\" aria-label=\"2 of 9\"><figure class=\"swiper-slide-inner\"><img decoding=\"async\" class=\"swiper-slide-image\" src=\"https:\/\/cnjamoulle.eu\/wp-content\/uploads\/2025\/12\/alexis_photos__19_.jpg\" alt=\"alexis_photos__19_\" \/><\/figure><\/div><div class=\"swiper-slide\" role=\"group\" aria-roledescription=\"slide\" aria-label=\"3 of 9\"><figure class=\"swiper-slide-inner\"><img decoding=\"async\" class=\"swiper-slide-image\" src=\"https:\/\/cnjamoulle.eu\/wp-content\/uploads\/2025\/12\/alexis_photos__30_.jpg\" alt=\"alexis_photos__30_\" \/><\/figure><\/div><div class=\"swiper-slide\" role=\"group\" aria-roledescription=\"slide\" aria-label=\"4 of 9\"><figure class=\"swiper-slide-inner\"><img decoding=\"async\" class=\"swiper-slide-image\" src=\"https:\/\/cnjamoulle.eu\/wp-content\/uploads\/2025\/12\/alexis_photos__31_.jpg\" alt=\"alexis_photos__31_\" \/><\/figure><\/div><div class=\"swiper-slide\" role=\"group\" aria-roledescription=\"slide\" aria-label=\"5 of 9\"><figure class=\"swiper-slide-inner\"><img decoding=\"async\" class=\"swiper-slide-image\" src=\"https:\/\/cnjamoulle.eu\/wp-content\/uploads\/2025\/12\/clement_photos__11_.jpg\" alt=\"clement_photos__11_\" \/><\/figure><\/div><div class=\"swiper-slide\" role=\"group\" aria-roledescription=\"slide\" aria-label=\"6 of 9\"><figure class=\"swiper-slide-inner\"><img decoding=\"async\" class=\"swiper-slide-image\" src=\"https:\/\/cnjamoulle.eu\/wp-content\/uploads\/2025\/12\/IMG_0323.jpg\" alt=\"IMG_0323\" \/><\/figure><\/div><div class=\"swiper-slide\" role=\"group\" aria-roledescription=\"slide\" aria-label=\"7 of 9\"><figure class=\"swiper-slide-inner\"><img decoding=\"async\" class=\"swiper-slide-image\" src=\"https:\/\/cnjamoulle.eu\/wp-content\/uploads\/2025\/12\/IMG_0327.jpg\" alt=\"IMG_0327\" \/><\/figure><\/div><div class=\"swiper-slide\" role=\"group\" aria-roledescription=\"slide\" aria-label=\"8 of 9\"><figure class=\"swiper-slide-inner\"><img decoding=\"async\" class=\"swiper-slide-image\" src=\"https:\/\/cnjamoulle.eu\/wp-content\/uploads\/2025\/12\/IMG_0328.jpg\" alt=\"IMG_0328\" \/><\/figure><\/div><div class=\"swiper-slide\" role=\"group\" aria-roledescription=\"slide\" aria-label=\"9 of 9\"><figure class=\"swiper-slide-inner\"><img decoding=\"async\" class=\"swiper-slide-image\" src=\"https:\/\/cnjamoulle.eu\/wp-content\/uploads\/2025\/12\/IMG_0334.jpg\" alt=\"IMG_0334\" \/><\/figure><\/div>\t\t\t<\/div>\n\t\t\t\t\t\t\t\t\t\t\t\t<div class=\"elementor-swiper-button elementor-swiper-button-prev\" role=\"button\" tabindex=\"0\">\n\t\t\t\t\t\t<svg aria-hidden=\"true\" class=\"e-font-icon-svg e-eicon-chevron-left\" viewBox=\"0 0 1000 1000\" xmlns=\"http:\/\/www.w3.org\/2000\/svg\"><path d=\"M646 125C629 125 613 133 604 142L308 442C296 454 292 471 292 487 292 504 296 521 308 533L604 854C617 867 629 875 646 875 663 875 679 871 692 858 704 846 713 829 713 812 713 796 708 779 692 767L438 487 692 225C700 217 708 204 708 187 708 171 704 154 692 142 675 129 663 125 646 125Z\"><\/path><\/svg>\t\t\t\t\t<\/div>\n\t\t\t\t\t<div class=\"elementor-swiper-button elementor-swiper-button-next\" role=\"button\" tabindex=\"0\">\n\t\t\t\t\t\t<svg aria-hidden=\"true\" class=\"e-font-icon-svg e-eicon-chevron-right\" viewBox=\"0 0 1000 1000\" xmlns=\"http:\/\/www.w3.org\/2000\/svg\"><path d=\"M696 533C708 521 713 504 713 487 713 471 708 454 696 446L400 146C388 133 375 125 354 125 338 125 325 129 313 142 300 154 292 171 292 187 292 204 296 221 308 233L563 492 304 771C292 783 288 800 288 817 288 833 296 850 308 863 321 871 338 875 354 875 371 875 388 867 400 854L696 533Z\"><\/path><\/svg>\t\t\t\t\t<\/div>\n\t\t\t\t\n\t\t\t\t\t\t\t\t\t<\/div>\n\t\t\t\t\t\t<\/div>\n\t\t\t\t<\/div>\n\t\t<div class=\"elementor-element elementor-element-e3ea32c e-con-full e-flex e-con e-child\" data-id=\"e3ea32c\" data-element_type=\"container\" data-e-type=\"container\" data-settings=\"{&quot;background_background&quot;:&quot;gradient&quot;}\">\n\t\t\t\t<div class=\"elementor-element elementor-element-11da2a7 elementor-widget elementor-widget-heading\" data-id=\"11da2a7\" data-element_type=\"widget\" data-e-type=\"widget\" data-widget_type=\"heading.default\">\n\t\t\t\t\t<h1 class=\"elementor-heading-title elementor-size-default\">Les retards neuromoteurs associ\u00e9s \u00e0 une IMC<\/h1>\t\t\t\t<\/div>\n\t\t\t\t<div class=\"elementor-element elementor-element-90d5542 elementor-widget elementor-widget-heading\" data-id=\"90d5542\" data-element_type=\"widget\" data-e-type=\"widget\" data-widget_type=\"heading.default\">\n\t\t\t\t\t<div class=\"elementor-heading-title elementor-size-default\">Les retards neuromoteurs que je rencontre au sein de mon cabinet peuvent \u00e9galement \u00eatre associ\u00e9s \u00e0 une infirmit\u00e9 motrice c\u00e9r\u00e9brale (IMC) ou \u00e0 diff\u00e9rents types de troubles neuromoteurs, comme par exemple :\n<ul>\n    <li>Des enfants souffrant d'une h\u00e9mipar\u00e9sie\/h\u00e9mipl\u00e9gie, d'une dipl\u00e9gie ou d'une quadripl\u00e9gie spastique<\/li>\n    <li>Des enfants ataxiques avec des troubles de la coordination ou de l'\u00e9quilibre<\/li>\n    <li>Des enfants avec un tonus fluctuant, qui ont plut\u00f4t un manque de tonus (hypotonique), mais qui \u00e0 certains moments peuvent avoir trop de tonus (hypertonique)<\/li>\n    <li>Des enfants dyskin\u00e9tiques avec des mouvements involontaires<\/li>\n    <li>Des enfants avec des syndromes comme la trisomie 21, le syndrome de Prader-Willi, le syndrome de West (\u00e9pilepsie)\u2026<\/li>\n<\/ul>\nLorsque la pathologie sous-jacente s'av\u00e8re plus importante, le suivi th\u00e9rapeutique sera propos\u00e9 \u00e0 plus long terme.<\/div>\t\t\t\t<\/div>\n\t\t\t\t<\/div>\n\t\t\t\t<\/div>\n\t\t<div class=\"elementor-element elementor-element-acd8948 e-con-full e-flex e-con e-parent\" data-id=\"acd8948\" data-element_type=\"container\" data-e-type=\"container\">\n\t\t\t\t<div class=\"elementor-element elementor-element-caf9bab elementor-widget elementor-widget-heading\" data-id=\"caf9bab\" data-element_type=\"widget\" data-e-type=\"widget\" data-widget_type=\"heading.default\">\n\t\t\t\t\t<h2 class=\"elementor-heading-title elementor-size-default\"> En tant que kin\u00e9sith\u00e9rapeute form\u00e9e Bobath, je suis amen\u00e9e \u00e0 travailler avec des b\u00e9b\u00e9s, des enfants, des adolescents.\npr\u00e9sentant des difficult\u00e9s tr\u00e8s diff\u00e9rentes les unes par rapport aux autres et des retards neuromoteurs plus ou moins importants.\n\n<\/h2>\t\t\t\t<\/div>\n\t\t\t\t<div class=\"elementor-element elementor-element-8791f2b elementor-widget elementor-widget-heading\" data-id=\"8791f2b\" data-element_type=\"widget\" data-e-type=\"widget\" data-widget_type=\"heading.default\">\n\t\t\t\t\t<h1 class=\"elementor-heading-title elementor-size-default\">Les retards neuromoteurs transitoires<\/h1>\t\t\t\t<\/div>\n\t\t\t\t<div class=\"elementor-element elementor-element-bb27f00 elementor-widget elementor-widget-heading\" data-id=\"bb27f00\" data-element_type=\"widget\" data-e-type=\"widget\" data-widget_type=\"heading.default\">\n\t\t\t\t\t<h2 class=\"elementor-heading-title elementor-size-default\"><p>Les retards neuromoteurs que je rencontre habituellement peuvent \u00eatre transitoires, comme par exemple :<\/p>\n<ul>\n    <li>Des b\u00e9b\u00e9s n\u00e9s pr\u00e9matur\u00e9ment avec un retard au niveau de leur motricit\u00e9 globale<\/li>\n    <li>Des b\u00e9b\u00e9s avec une rotation pr\u00e9f\u00e9rentielle de la t\u00eate, pouvant induire ou non une plagioc\u00e9phalie (cr\u00e2ne plat en arri\u00e8re ou sur le c\u00f4t\u00e9)<\/li>\n    <li>Des b\u00e9b\u00e9s avec une hypertonie post\u00e9rieure qui ont tendance \u00e0 utiliser beaucoup d'extension globale du corps (tendance \u00e0 se jeter en arri\u00e8re) et \u00e0 avoir peu de capacit\u00e9s \u00e0 se regrouper<\/li>\n    <li>Des b\u00e9b\u00e9s peu actifs, qui ont des difficult\u00e9s \u00e0 bouger, \u00e0 r\u00e9aliser des retournements, du pivot, du quatre pattes, \u00e0 se mettre debout<\/li>\n    <li>Des enfants avec un trouble transitoire du tonus (tonus bas) qui ont des difficult\u00e9s \u00e0 se redresser contre la pesanteur et \u00e0 acqu\u00e9rir la position assise ou debout<\/li>\n    <li>Des enfants avec un retard de marche ou des difficult\u00e9s d'\u00e9quilibre et de coordination pouvant entra\u00eener de nombreuses chutes lors de la marche en terrain instable<\/li>\n<\/ul>\n<p>Dans la situation des troubles neuromoteurs transitoires, l'aide th\u00e9rapeutique sera temporaire.<\/p><\/h2>\t\t\t\t<\/div>\n\t\t\t\t<\/div>\n\t\t\t\t<\/div>\n\t\t","protected":false},"excerpt":{"rendered":"<p>Les retards neuromoteurs associ\u00e9s \u00e0 une IMC Les retards neuromoteurs que je rencontre au sein de mon cabinet peuvent \u00e9galement \u00eatre associ\u00e9s \u00e0 une infirmit\u00e9 motrice c\u00e9r\u00e9brale (IMC) ou \u00e0 diff\u00e9rents types de troubles neuromoteurs, comme par exemple : Des enfants souffrant d&#8217;une h\u00e9mipar\u00e9sie\/h\u00e9mipl\u00e9gie, d&#8217;une dipl\u00e9gie ou d&#8217;une quadripl\u00e9gie spastique Des enfants ataxiques avec des [&hellip;]<\/p>\n","protected":false},"author":1,"featured_media":0,"parent":0,"menu_order":0,"comment_status":"closed","ping_status":"closed","template":"","meta":{"footnotes":""},"class_list":["post-7","page","type-page","status-publish","hentry"],"_links":{"self":[{"href":"https:\/\/cnjamoulle.eu\/index.php\/wp-json\/wp\/v2\/pages\/7","targetHints":{"allow":["GET"]}}],"collection":[{"href":"https:\/\/cnjamoulle.eu\/index.php\/wp-json\/wp\/v2\/pages"}],"about":[{"href":"https:\/\/cnjamoulle.eu\/index.php\/wp-json\/wp\/v2\/types\/page"}],"author":[{"embeddable":true,"href":"https:\/\/cnjamoulle.eu\/index.php\/wp-json\/wp\/v2\/users\/1"}],"replies":[{"embeddable":true,"href":"https:\/\/cnjamoulle.eu\/index.php\/wp-json\/wp\/v2\/comments?post=7"}],"version-history":[{"count":67,"href":"https:\/\/cnjamoulle.eu\/index.php\/wp-json\/wp\/v2\/pages\/7\/revisions"}],"predecessor-version":[{"id":252,"href":"https:\/\/cnjamoulle.eu\/index.php\/wp-json\/wp\/v2\/pages\/7\/revisions\/252"}],"wp:attachment":[{"href":"https:\/\/cnjamoulle.eu\/index.php\/wp-json\/wp\/v2\/media?parent=7"}],"curies":[{"name":"wp","href":"https:\/\/api.w.org\/{rel}","templated":true}]}}